{"id":215,"date":"2016-08-15T20:26:07","date_gmt":"2016-08-15T17:26:07","guid":{"rendered":"https:\/\/butterfly.ee\/?page_id=215"},"modified":"2026-01-18T19:37:28","modified_gmt":"2026-01-18T17:37:28","slug":"tere-sulle","status":"publish","type":"page","link":"https:\/\/butterfly.ee\/","title":{"rendered":"Tere sulle hea k\u00fclaline!"},"content":{"rendered":"<p>Oled sattunud Butterfly Saloon O\u00dc lehele, mis asutati 2007 aasta oktoobris.<\/p>\n<p>Tegemist on omamoodi kunstigalerii ja \u00f5mblusateljee \u00fchendloomega, kust v\u00f5id leida nii \u00f5limaale ja akvarelle, kui ka klaasvitraa\u017ee. K\u00f5iki neid on v\u00f5imalik omale soovi korral osta. Valiku neist leiab, kui klikkida e-poe lingil lehek\u00fclje p\u00e4ises.<\/p>\n<p>Kui aga tunned hoopis, et sooviksid lasta omale midagi uut \u00f5mmelda v\u00f5i vana\u00a0 parandada\/\u00fcmber teha, v\u00f5ta julgesti \u00fchendust. Meie professionaalne r\u00e4tsep aitab sind hea meelega.<\/p>\n<p>Seniks head uudistamist!<\/p>\n","protected":false},"excerpt":{"rendered":"<p>Oled sattunud Butterfly Saloon O\u00dc lehele, mis asutati 2007 aasta oktoobris. Tegemist on omamoodi kunstigalerii ja \u00f5mblusateljee \u00fchendloomega, kust v\u00f5id leida nii \u00f5limaale ja akvarelle, kui ka klaasvitraa\u017ee. K\u00f5iki neid on v\u00f5imalik omale soovi korral osta. Valiku neist leiab, kui klikkida e-poe lingil lehek\u00fclje p\u00e4ises. Kui aga tunned hoopis, et sooviksid lasta omale midagi uut [&hellip;]<\/p>\n","protected":false},"author":1,"featured_media":614,"parent":0,"menu_order":0,"comment_status":"closed","ping_status":"closed","template":"","meta":{"footnotes":""},"class_list":["post-215","page","type-page","status-publish","has-post-thumbnail","hentry"],"_links":{"self":[{"href":"https:\/\/butterfly.ee\/index.php?rest_route=\/wp\/v2\/pages\/215","targetHints":{"allow":["GET"]}}],"collection":[{"href":"https:\/\/butterfly.ee\/index.php?rest_route=\/wp\/v2\/pages"}],"about":[{"href":"https:\/\/butterfly.ee\/index.php?rest_route=\/wp\/v2\/types\/page"}],"author":[{"embeddable":true,"href":"https:\/\/butterfly.ee\/index.php?rest_route=\/wp\/v2\/users\/1"}],"replies":[{"embeddable":true,"href":"https:\/\/butterfly.ee\/index.php?rest_route=%2Fwp%2Fv2%2Fcomments&post=215"}],"version-history":[{"count":3,"href":"https:\/\/butterfly.ee\/index.php?rest_route=\/wp\/v2\/pages\/215\/revisions"}],"predecessor-version":[{"id":629,"href":"https:\/\/butterfly.ee\/index.php?rest_route=\/wp\/v2\/pages\/215\/revisions\/629"}],"wp:featuredmedia":[{"embeddable":true,"href":"https:\/\/butterfly.ee\/index.php?rest_route=\/wp\/v2\/media\/614"}],"wp:attachment":[{"href":"https:\/\/butterfly.ee\/index.php?rest_route=%2Fwp%2Fv2%2Fmedia&parent=215"}],"curies":[{"name":"wp","href":"https:\/\/api.w.org\/{rel}","templated":true}]}}