{"id":2,"date":"2016-06-01T10:52:45","date_gmt":"2016-06-01T10:52:45","guid":{"rendered":"http:\/\/new.butterfly.ee\/?page_id=2"},"modified":"2020-07-03T10:59:54","modified_gmt":"2020-07-03T07:59:54","slug":"sample-page","status":"publish","type":"page","link":"https:\/\/butterfly.ee\/?page_id=2","title":{"rendered":"Contact"},"content":{"rendered":"<p>Kes me oleme&#8230;..<\/p>\n<p><img loading=\"lazy\" decoding=\"async\" class=\"alignnone size-medium wp-image-50\" src=\"https:\/\/butterfly.ee\/wp-content\/uploads\/2016\/06\/4-169x300.jpg\" alt=\"\" width=\"169\" height=\"300\" srcset=\"https:\/\/butterfly.ee\/wp-content\/uploads\/2016\/06\/4-169x300.jpg 169w, https:\/\/butterfly.ee\/wp-content\/uploads\/2016\/06\/4-576x1024.jpg 576w, https:\/\/butterfly.ee\/wp-content\/uploads\/2016\/06\/4-83x148.jpg 83w, https:\/\/butterfly.ee\/wp-content\/uploads\/2016\/06\/4-17x31.jpg 17w, https:\/\/butterfly.ee\/wp-content\/uploads\/2016\/06\/4-21x38.jpg 21w, https:\/\/butterfly.ee\/wp-content\/uploads\/2016\/06\/4-121x215.jpg 121w, https:\/\/butterfly.ee\/wp-content\/uploads\/2016\/06\/4-624x1109.jpg 624w, https:\/\/butterfly.ee\/wp-content\/uploads\/2016\/06\/4.jpg 720w\" sizes=\"auto, (max-width: 169px) 100vw, 169px\" \/>&nbsp; &nbsp; &nbsp; &nbsp; &nbsp;&nbsp;<img loading=\"lazy\" decoding=\"async\" class=\"alignnone size-medium wp-image-51\" src=\"https:\/\/butterfly.ee\/wp-content\/uploads\/2016\/06\/IMG_0298-225x300.jpg\" alt=\"\" width=\"225\" height=\"300\" srcset=\"https:\/\/butterfly.ee\/wp-content\/uploads\/2016\/06\/IMG_0298-225x300.jpg 225w, https:\/\/butterfly.ee\/wp-content\/uploads\/2016\/06\/IMG_0298-768x1024.jpg 768w, https:\/\/butterfly.ee\/wp-content\/uploads\/2016\/06\/IMG_0298-111x148.jpg 111w, https:\/\/butterfly.ee\/wp-content\/uploads\/2016\/06\/IMG_0298-23x31.jpg 23w, https:\/\/butterfly.ee\/wp-content\/uploads\/2016\/06\/IMG_0298-29x38.jpg 29w, https:\/\/butterfly.ee\/wp-content\/uploads\/2016\/06\/IMG_0298-161x215.jpg 161w, https:\/\/butterfly.ee\/wp-content\/uploads\/2016\/06\/IMG_0298-624x832.jpg 624w, https:\/\/butterfly.ee\/wp-content\/uploads\/2016\/06\/IMG_0298.jpg 1944w\" sizes=\"auto, (max-width: 225px) 100vw, 225px\" \/><\/p>\n<p>&nbsp; &nbsp; &nbsp; &nbsp; &nbsp; Kristina&nbsp; &nbsp; &nbsp; &nbsp; &nbsp; &nbsp; &nbsp; &nbsp; &nbsp; &nbsp; &nbsp; &nbsp; &nbsp; ja&nbsp; &nbsp; &nbsp; &nbsp; &nbsp; &nbsp; &nbsp; &nbsp; &nbsp; &nbsp; &nbsp; &nbsp; &nbsp; &nbsp; &nbsp; Eve<\/p>\n<p>( \u00f5limaalid, klaasvitraazid, akvarellid )&nbsp; &nbsp; &nbsp; &nbsp; &nbsp;( \u00f5mblusteenused )<\/p>\n<p>Kui sul tekkis huvi m\u00f5ne toote vastu v\u00f5i soovid lihtsalt m\u00f5tteid\/ideid vahetada, saad meile kirjutada aadressil: info@butterfly.ee<br \/>\nVastame sulle esimesel v\u00f5imalusel, kuid mitte hiljem kui 3-e p\u00e4eva jooksul.<\/p>\n<p>&nbsp;<img loading=\"lazy\" decoding=\"async\" class=\"size-full wp-image-194 alignleft\" src=\"https:\/\/butterfly.ee\/wp-content\/uploads\/2016\/06\/Image1x.jpg\" alt=\"\" width=\"188\" height=\"115\" srcset=\"https:\/\/butterfly.ee\/wp-content\/uploads\/2016\/06\/Image1x.jpg 188w, https:\/\/butterfly.ee\/wp-content\/uploads\/2016\/06\/Image1x-148x91.jpg 148w, https:\/\/butterfly.ee\/wp-content\/uploads\/2016\/06\/Image1x-31x19.jpg 31w, https:\/\/butterfly.ee\/wp-content\/uploads\/2016\/06\/Image1x-38x23.jpg 38w\" sizes=\"auto, (max-width: 188px) 100vw, 188px\" \/><\/p>\n<p>&nbsp;<\/p>\n","protected":false},"excerpt":{"rendered":"<p>Kes me oleme&#8230;.. &nbsp; &nbsp; &nbsp; &nbsp; &nbsp;&nbsp; &nbsp; &nbsp; &nbsp; &nbsp; &nbsp; Kristina&nbsp; &nbsp; &nbsp; &nbsp; &nbsp; &nbsp; &nbsp; &nbsp; &nbsp; &nbsp; &nbsp; &nbsp; &nbsp; ja&nbsp; &nbsp; &nbsp; &nbsp; &nbsp; &nbsp; &nbsp; &nbsp; &nbsp; &nbsp; &nbsp; &nbsp; &nbsp; &nbsp; &nbsp; Eve ( \u00f5limaalid, klaasvitraazid, akvarellid )&nbsp; &nbsp; &nbsp; &nbsp; &nbsp;( \u00f5mblusteenused ) Kui sul [&hellip;]<\/p>\n","protected":false},"author":1,"featured_media":0,"parent":0,"menu_order":3,"comment_status":"closed","ping_status":"open","template":"page-templates\/front-page.php","meta":{"footnotes":""},"class_list":["post-2","page","type-page","status-publish","hentry"],"_links":{"self":[{"href":"https:\/\/butterfly.ee\/index.php?rest_route=\/wp\/v2\/pages\/2","targetHints":{"allow":["GET"]}}],"collection":[{"href":"https:\/\/butterfly.ee\/index.php?rest_route=\/wp\/v2\/pages"}],"about":[{"href":"https:\/\/butterfly.ee\/index.php?rest_route=\/wp\/v2\/types\/page"}],"author":[{"embeddable":true,"href":"https:\/\/butterfly.ee\/index.php?rest_route=\/wp\/v2\/users\/1"}],"replies":[{"embeddable":true,"href":"https:\/\/butterfly.ee\/index.php?rest_route=%2Fwp%2Fv2%2Fcomments&post=2"}],"version-history":[{"count":34,"href":"https:\/\/butterfly.ee\/index.php?rest_route=\/wp\/v2\/pages\/2\/revisions"}],"predecessor-version":[{"id":368,"href":"https:\/\/butterfly.ee\/index.php?rest_route=\/wp\/v2\/pages\/2\/revisions\/368"}],"wp:attachment":[{"href":"https:\/\/butterfly.ee\/index.php?rest_route=%2Fwp%2Fv2%2Fmedia&parent=2"}],"curies":[{"name":"wp","href":"https:\/\/api.w.org\/{rel}","templated":true}]}}